{"id":5879,"date":"2025-10-28T11:50:10","date_gmt":"2025-10-28T11:50:10","guid":{"rendered":"http:\/\/aselmop.com\/?post_type=product&#038;p=5879"},"modified":"2025-11-17T17:19:32","modified_gmt":"2025-11-17T17:19:32","slug":"4-color-coded-mops","status":"publish","type":"product","link":"https:\/\/aselmop.com\/tr\/urun\/4-color-coded-mops\/","title":{"rendered":"4 Renk Kodlu Paspas"},"content":{"rendered":"","protected":false},"excerpt":{"rendered":"<h3>4 Renk Kodlu Paspas<\/h3>\n<p>D\u00f6rt renk kodu i\u00e7eren moplar (paspaslar) talep \u00fczerine \u00fcretilmektedir. Bunlar, renkli \u015feritlerle ve bayrak tipi renk kodlamas\u0131yla imal edilir.<\/p>","protected":false},"featured_media":5918,"template":"","meta":{"inline_featured_image":false,"_joinchat":[]},"product_brand":[],"product_cat":[40],"product_tag":[],"class_list":{"0":"post-5879","1":"product","2":"type-product","3":"status-publish","4":"has-post-thumbnail","6":"product_cat-mops","8":"first","9":"instock","10":"shipping-taxable","11":"product-type-simple"},"_links":{"self":[{"href":"https:\/\/aselmop.com\/tr\/wp-json\/wp\/v2\/product\/5879","targetHints":{"allow":["GET"]}}],"collection":[{"href":"https:\/\/aselmop.com\/tr\/wp-json\/wp\/v2\/product"}],"about":[{"href":"https:\/\/aselmop.com\/tr\/wp-json\/wp\/v2\/types\/product"}],"wp:featuredmedia":[{"embeddable":true,"href":"https:\/\/aselmop.com\/tr\/wp-json\/wp\/v2\/media\/5918"}],"wp:attachment":[{"href":"https:\/\/aselmop.com\/tr\/wp-json\/wp\/v2\/media?parent=5879"}],"wp:term":[{"taxonomy":"product_brand","embeddable":true,"href":"https:\/\/aselmop.com\/tr\/wp-json\/wp\/v2\/product_brand?post=5879"},{"taxonomy":"product_cat","embeddable":true,"href":"https:\/\/aselmop.com\/tr\/wp-json\/wp\/v2\/product_cat?post=5879"},{"taxonomy":"product_tag","embeddable":true,"href":"https:\/\/aselmop.com\/tr\/wp-json\/wp\/v2\/product_tag?post=5879"}],"curies":[{"name":"wp","href":"https:\/\/api.w.org\/{rel}","templated":true}]}}