{"id":5883,"date":"2025-10-28T11:53:25","date_gmt":"2025-10-28T11:53:25","guid":{"rendered":"http:\/\/aselmop.com\/?post_type=product&#038;p=5883"},"modified":"2025-11-17T17:21:28","modified_gmt":"2025-11-17T17:21:28","slug":"hospital-mops","status":"publish","type":"product","link":"https:\/\/aselmop.com\/tr\/urun\/hospital-mops\/","title":{"rendered":"Hastane Paspaslar\u0131"},"content":{"rendered":"<table style=\"border-collapse: collapse; width: 500pt;\" border=\"0\" width=\"192\" cellspacing=\"0\" cellpadding=\"0\">\n<tbody>\n<tr>\n<td width=\"129\"><strong>Boyutlar\u00a0<\/strong><\/td>\n<td width=\"92\"><strong>A\u011f\u0131rl\u0131klar\u00a0<\/strong><\/td>\n<td width=\"64\"><strong>SKU (Stok Kodu)<\/strong><\/td>\n<\/tr>\n<tr>\n<td>40 cm<\/td>\n<td>170 g.<\/td>\n<td>100111<\/td>\n<\/tr>\n<tr>\n<td>50 cm<\/td>\n<td>220 gr.<\/td>\n<td>100112<\/td>\n<\/tr>\n<\/tbody>\n<\/table>","protected":false},"excerpt":{"rendered":"<h3>Hastane Paspaslar\u0131<\/h3>\n<p>mikrofiber, polyester ve pamuk ipli\u011finden \u00fcretilmi\u015ftir. Antibakteriyel kombinasyonu sayesinde zemin \u00fczerinde konforlu bir kayma sa\u011flar. 95 derecede defalarca y\u0131kanabilir. Suya dayan\u0131kl\u0131 zeminlerin g\u00fcnl\u00fck bak\u0131m\u0131nda, nemli silme i\u015flemleri i\u00e7in kullan\u0131l\u0131r.<\/p>","protected":false},"featured_media":5929,"template":"","meta":{"inline_featured_image":false,"_joinchat":[]},"product_brand":[],"product_cat":[40],"product_tag":[],"class_list":{"0":"post-5883","1":"product","2":"type-product","3":"status-publish","4":"has-post-thumbnail","6":"product_cat-mops","8":"first","9":"instock","10":"shipping-taxable","11":"product-type-simple"},"_links":{"self":[{"href":"https:\/\/aselmop.com\/tr\/wp-json\/wp\/v2\/product\/5883","targetHints":{"allow":["GET"]}}],"collection":[{"href":"https:\/\/aselmop.com\/tr\/wp-json\/wp\/v2\/product"}],"about":[{"href":"https:\/\/aselmop.com\/tr\/wp-json\/wp\/v2\/types\/product"}],"wp:featuredmedia":[{"embeddable":true,"href":"https:\/\/aselmop.com\/tr\/wp-json\/wp\/v2\/media\/5929"}],"wp:attachment":[{"href":"https:\/\/aselmop.com\/tr\/wp-json\/wp\/v2\/media?parent=5883"}],"wp:term":[{"taxonomy":"product_brand","embeddable":true,"href":"https:\/\/aselmop.com\/tr\/wp-json\/wp\/v2\/product_brand?post=5883"},{"taxonomy":"product_cat","embeddable":true,"href":"https:\/\/aselmop.com\/tr\/wp-json\/wp\/v2\/product_cat?post=5883"},{"taxonomy":"product_tag","embeddable":true,"href":"https:\/\/aselmop.com\/tr\/wp-json\/wp\/v2\/product_tag?post=5883"}],"curies":[{"name":"wp","href":"https:\/\/api.w.org\/{rel}","templated":true}]}}