{"id":5886,"date":"2025-10-28T11:54:17","date_gmt":"2025-10-28T11:54:17","guid":{"rendered":"http:\/\/aselmop.com\/?post_type=product&#038;p=5886"},"modified":"2025-11-17T17:23:40","modified_gmt":"2025-11-17T17:23:40","slug":"microfiber-mops","status":"publish","type":"product","link":"https:\/\/aselmop.com\/tr\/urun\/microfiber-mops\/","title":{"rendered":"Mikrofiber Bezler"},"content":{"rendered":"<table style=\"border-collapse: collapse; width: 500pt;\" border=\"0\" width=\"192\" cellspacing=\"0\" cellpadding=\"0\">\n<tbody>\n<tr>\n<td width=\"129\"><strong>Boyutlar\u00a0<\/strong><\/td>\n<td width=\"92\"><strong>A\u011f\u0131rl\u0131klar\u00a0<\/strong><\/td>\n<td width=\"194\"><strong>\u00a0SKU (Stok Kodu)<\/strong><\/td>\n<\/tr>\n<tr>\n<td>40 cm<\/td>\n<td>105 gr.<\/td>\n<td>100113 Beyaz<\/td>\n<\/tr>\n<tr>\n<td>50 cm<\/td>\n<td>140 gr.<\/td>\n<td>100114 Beyaz<\/td>\n<\/tr>\n<tr>\n<td>40 cm<\/td>\n<td>105 gr.<\/td>\n<td>100115 Mavi \u00c7izgili<\/td>\n<\/tr>\n<tr>\n<td>50 cm<\/td>\n<td>140 gr.<\/td>\n<td>100116 Mavi \u00c7izgili<\/td>\n<\/tr>\n<\/tbody>\n<\/table>","protected":false},"excerpt":{"rendered":"<h3>Mikrofiber Bezler<\/h3>\n<p>0 mikrofiberden \u00fcretilmi\u015ftir. Mavi yumu\u015fak ke\u00e7e ve gri sert ke\u00e7e se\u00e7enekleri mevcuttur. 60\u00b0C'ye kadar defalarca y\u0131kanabilir. Neme dayan\u0131kl\u0131 ve silinebilir y\u00fczeylerin g\u00fcnl\u00fck temizli\u011fi i\u00e7in tasarlanm\u0131\u015ft\u0131r.<\/p>","protected":false},"featured_media":5950,"template":"","meta":{"inline_featured_image":false,"_joinchat":[]},"product_brand":[],"product_cat":[40],"product_tag":[],"class_list":{"0":"post-5886","1":"product","2":"type-product","3":"status-publish","4":"has-post-thumbnail","6":"product_cat-mops","8":"first","9":"instock","10":"shipping-taxable","11":"product-type-simple"},"_links":{"self":[{"href":"https:\/\/aselmop.com\/tr\/wp-json\/wp\/v2\/product\/5886","targetHints":{"allow":["GET"]}}],"collection":[{"href":"https:\/\/aselmop.com\/tr\/wp-json\/wp\/v2\/product"}],"about":[{"href":"https:\/\/aselmop.com\/tr\/wp-json\/wp\/v2\/types\/product"}],"wp:featuredmedia":[{"embeddable":true,"href":"https:\/\/aselmop.com\/tr\/wp-json\/wp\/v2\/media\/5950"}],"wp:attachment":[{"href":"https:\/\/aselmop.com\/tr\/wp-json\/wp\/v2\/media?parent=5886"}],"wp:term":[{"taxonomy":"product_brand","embeddable":true,"href":"https:\/\/aselmop.com\/tr\/wp-json\/wp\/v2\/product_brand?post=5886"},{"taxonomy":"product_cat","embeddable":true,"href":"https:\/\/aselmop.com\/tr\/wp-json\/wp\/v2\/product_cat?post=5886"},{"taxonomy":"product_tag","embeddable":true,"href":"https:\/\/aselmop.com\/tr\/wp-json\/wp\/v2\/product_tag?post=5886"}],"curies":[{"name":"wp","href":"https:\/\/api.w.org\/{rel}","templated":true}]}}