{"id":5889,"date":"2025-10-28T12:11:06","date_gmt":"2025-10-28T12:11:06","guid":{"rendered":"http:\/\/aselmop.com\/?post_type=product&#038;p=5889"},"modified":"2025-11-17T20:12:32","modified_gmt":"2025-11-17T20:12:32","slug":"eco-plastic-apparatus-eco-wire-apparatus","status":"publish","type":"product","link":"https:\/\/aselmop.com\/tr\/urun\/eco-plastic-apparatus-eco-wire-apparatus\/","title":{"rendered":"Eko Plastik Aparat"},"content":{"rendered":"<table style=\"border-collapse: collapse; width: 500pt;\" border=\"0\" width=\"192\" cellspacing=\"0\" cellpadding=\"0\">\n<tbody>\n<tr style=\"height: 14.4pt;\">\n<td class=\"xl70\" style=\"height: 14.4pt; width: 48pt;\" width=\"64\" height=\"19\"><strong>Boyutlar<\/strong><\/td>\n<td style=\"width: 48pt;\" width=\"64\"><strong>\u00a0<span class=\"font5\">SKU (Stok Kodu)<\/span><\/strong><\/td>\n<\/tr>\n<tr style=\"height: 14.4pt;\">\n<td class=\"xl64\" style=\"height: 14.4pt;\" height=\"19\">40 cm<\/td>\n<td class=\"xl65\">400104<\/td>\n<\/tr>\n<tr style=\"height: 14.4pt;\">\n<td class=\"xl66\" style=\"height: 14.4pt;\" height=\"19\">50 cm<\/td>\n<td class=\"xl67\">400105<\/td>\n<\/tr>\n<tr style=\"height: 14.4pt;\">\n<td class=\"xl68\" style=\"height: 14.4pt;\" height=\"19\">40 cm<\/td>\n<td class=\"xl69\">400106<\/td>\n<\/tr>\n<tr style=\"height: 14.4pt;\">\n<td class=\"xl66\" style=\"height: 14.4pt;\" height=\"19\">50 cm<\/td>\n<td class=\"xl67\">400107<\/td>\n<\/tr>\n<\/tbody>\n<\/table>","protected":false},"excerpt":{"rendered":"<h3>Eko Plastik Aparat<\/h3>\n<p>Profesyonel temizlik sistemleri i\u00e7in tasarlanm\u0131\u015f olan bu dayan\u0131kl\u0131 plastik mop \u00e7er\u00e7evesi, geni\u015f g\u00f6vde yap\u0131s\u0131 sayesinde maksimum y\u00fczey kaplama sa\u011flar. Kolay kilitleme ve serbest b\u0131rakma mekanizmas\u0131, mop pedinin h\u0131zl\u0131 ve zahmetsiz bir \u015fekilde de\u011fi\u015ftirilmesine imk\u00e2n tan\u0131r. T\u00fcm teleskopik ve sabit mop saplar\u0131yla uyumludur ve pratik, g\u00fcvenilir kullan\u0131m sunar.<\/p>","protected":false},"featured_media":6018,"template":"","meta":{"inline_featured_image":false,"_joinchat":[]},"product_brand":[],"product_cat":[41],"product_tag":[],"class_list":{"0":"post-5889","1":"product","2":"type-product","3":"status-publish","4":"has-post-thumbnail","6":"product_cat-mop-apparatus","8":"first","9":"instock","10":"shipping-taxable","11":"product-type-simple"},"_links":{"self":[{"href":"https:\/\/aselmop.com\/tr\/wp-json\/wp\/v2\/product\/5889","targetHints":{"allow":["GET"]}}],"collection":[{"href":"https:\/\/aselmop.com\/tr\/wp-json\/wp\/v2\/product"}],"about":[{"href":"https:\/\/aselmop.com\/tr\/wp-json\/wp\/v2\/types\/product"}],"wp:featuredmedia":[{"embeddable":true,"href":"https:\/\/aselmop.com\/tr\/wp-json\/wp\/v2\/media\/6018"}],"wp:attachment":[{"href":"https:\/\/aselmop.com\/tr\/wp-json\/wp\/v2\/media?parent=5889"}],"wp:term":[{"taxonomy":"product_brand","embeddable":true,"href":"https:\/\/aselmop.com\/tr\/wp-json\/wp\/v2\/product_brand?post=5889"},{"taxonomy":"product_cat","embeddable":true,"href":"https:\/\/aselmop.com\/tr\/wp-json\/wp\/v2\/product_cat?post=5889"},{"taxonomy":"product_tag","embeddable":true,"href":"https:\/\/aselmop.com\/tr\/wp-json\/wp\/v2\/product_tag?post=5889"}],"curies":[{"name":"wp","href":"https:\/\/api.w.org\/{rel}","templated":true}]}}