{"id":5894,"date":"2025-10-28T12:14:38","date_gmt":"2025-10-28T12:14:38","guid":{"rendered":"http:\/\/aselmop.com\/?post_type=product&#038;p=5894"},"modified":"2025-11-17T20:25:40","modified_gmt":"2025-11-17T20:25:40","slug":"glass-pull-glass-tire","status":"publish","type":"product","link":"https:\/\/aselmop.com\/tr\/urun\/glass-pull-glass-tire\/","title":{"rendered":"Cam Y\u0131kama Aparat\u0131"},"content":{"rendered":"<table style=\"border-collapse: collapse; width: 500pt;\" border=\"0\" width=\"192\" cellspacing=\"0\" cellpadding=\"0\">\n<tbody>\n<tr>\n<td width=\"129\"><strong>Boyutlar\u00a0<\/strong><\/td>\n<td width=\"92\"><strong>\u00a0SKU (Stok Kodu)<\/strong><\/td>\n<\/tr>\n<tr>\n<td>35cm<\/td>\n<td>500104<\/td>\n<\/tr>\n<tr>\n<td>45cm<\/td>\n<td>500105<\/td>\n<\/tr>\n<\/tbody>\n<\/table>","protected":false},"excerpt":{"rendered":"<h3>Cam Y\u0131kama Aparat\u0131<\/h3>\n<p>Pencere temizleme k\u0131l\u0131flar\u0131yla kullan\u0131lmak \u00fczere tasarlanm\u0131\u015f dayan\u0131kl\u0131 plastik sap. Cam y\u00fczeylerin verimli bir \u015fekilde temizlenmesi i\u00e7in sa\u011flam bir kavrama ve e\u015fit bask\u0131 sa\u011flar. 35 cm ve 45 cm boyutlar\u0131nda mevcuttur.<\/p>","protected":false},"featured_media":5968,"template":"","meta":{"inline_featured_image":false,"_joinchat":[]},"product_brand":[],"product_cat":[42],"product_tag":[],"class_list":{"0":"post-5894","1":"product","2":"type-product","3":"status-publish","4":"has-post-thumbnail","6":"product_cat-glass-cleaning-products","8":"first","9":"instock","10":"shipping-taxable","11":"product-type-simple"},"_links":{"self":[{"href":"https:\/\/aselmop.com\/tr\/wp-json\/wp\/v2\/product\/5894","targetHints":{"allow":["GET"]}}],"collection":[{"href":"https:\/\/aselmop.com\/tr\/wp-json\/wp\/v2\/product"}],"about":[{"href":"https:\/\/aselmop.com\/tr\/wp-json\/wp\/v2\/types\/product"}],"wp:featuredmedia":[{"embeddable":true,"href":"https:\/\/aselmop.com\/tr\/wp-json\/wp\/v2\/media\/5968"}],"wp:attachment":[{"href":"https:\/\/aselmop.com\/tr\/wp-json\/wp\/v2\/media?parent=5894"}],"wp:term":[{"taxonomy":"product_brand","embeddable":true,"href":"https:\/\/aselmop.com\/tr\/wp-json\/wp\/v2\/product_brand?post=5894"},{"taxonomy":"product_cat","embeddable":true,"href":"https:\/\/aselmop.com\/tr\/wp-json\/wp\/v2\/product_cat?post=5894"},{"taxonomy":"product_tag","embeddable":true,"href":"https:\/\/aselmop.com\/tr\/wp-json\/wp\/v2\/product_tag?post=5894"}],"curies":[{"name":"wp","href":"https:\/\/api.w.org\/{rel}","templated":true}]}}