{"id":5897,"date":"2025-10-28T12:23:52","date_gmt":"2025-10-28T12:23:52","guid":{"rendered":"http:\/\/aselmop.com\/?post_type=product&#038;p=5897"},"modified":"2025-11-17T17:56:25","modified_gmt":"2025-11-17T17:56:25","slug":"one-bucket","status":"publish","type":"product","link":"https:\/\/aselmop.com\/tr\/urun\/one-bucket\/","title":{"rendered":"Tek Koval\u0131 Temizlik Arabas\u0131"},"content":{"rendered":"<table style=\"border-collapse: collapse; width: 120pt;\" border=\"0\" width=\"64\" cellspacing=\"0\" cellpadding=\"0\">\n<tbody>\n<tr style=\"height: 14.4pt;\">\n<td class=\"xl66\" style=\"height: 14.4pt; width: 48pt;\" width=\"64\" height=\"19\">Dexterous Carrier<\/td>\n<\/tr>\n<tr style=\"height: 14.4pt;\">\n<td class=\"xl67\" style=\"height: 14.4pt;\" height=\"19\">Plastic Presses<\/td>\n<\/tr>\n<tr style=\"height: 14.4pt;\">\n<td class=\"xl67\" style=\"height: 14.4pt;\" height=\"19\">25 LT (+10 LT)<\/td>\n<\/tr>\n<tr style=\"height: 14.4pt;\">\n<td class=\"xl66\" style=\"height: 14.4pt;\" height=\"19\">Original wheel<\/td>\n<\/tr>\n<\/tbody>\n<\/table>","protected":false},"excerpt":{"rendered":"<h3>Tek Koval\u0131 Temizlik Arabas\u0131<\/h3>\n<p>Geni\u015f hacmi ve dayan\u0131kl\u0131 g\u00f6vdesiyle bu b\u00f6lmeli temizlik kovas\u0131, geni\u015f alanlarda h\u0131zl\u0131 ve verimli temizlik i\u00e7in idealdir. \u00c7\u0131kar\u0131labilir \u00fcst tepsisi, temiz ve kirli suyu ay\u0131rarak daha y\u00fcksek hijyen standartlar\u0131 sa\u011flar. Ak\u0131c\u0131 \u015fekilde hareket eden tekerlekleri ve ergonomik tasar\u0131m\u0131 sayesinde kolay manevra imk\u00e2n\u0131 sunar ve profesyonel temizlik ekipleri i\u00e7in m\u00fckemmel bir \u00e7\u00f6z\u00fcmd\u00fcr.<\/p>","protected":false},"featured_media":6327,"template":"","meta":{"inline_featured_image":false,"_joinchat":[]},"product_brand":[],"product_cat":[43],"product_tag":[],"class_list":{"0":"post-5897","1":"product","2":"type-product","3":"status-publish","4":"has-post-thumbnail","6":"product_cat-cleaning-trolleys","8":"first","9":"instock","10":"shipping-taxable","11":"product-type-simple"},"_links":{"self":[{"href":"https:\/\/aselmop.com\/tr\/wp-json\/wp\/v2\/product\/5897","targetHints":{"allow":["GET"]}}],"collection":[{"href":"https:\/\/aselmop.com\/tr\/wp-json\/wp\/v2\/product"}],"about":[{"href":"https:\/\/aselmop.com\/tr\/wp-json\/wp\/v2\/types\/product"}],"wp:featuredmedia":[{"embeddable":true,"href":"https:\/\/aselmop.com\/tr\/wp-json\/wp\/v2\/media\/6327"}],"wp:attachment":[{"href":"https:\/\/aselmop.com\/tr\/wp-json\/wp\/v2\/media?parent=5897"}],"wp:term":[{"taxonomy":"product_brand","embeddable":true,"href":"https:\/\/aselmop.com\/tr\/wp-json\/wp\/v2\/product_brand?post=5897"},{"taxonomy":"product_cat","embeddable":true,"href":"https:\/\/aselmop.com\/tr\/wp-json\/wp\/v2\/product_cat?post=5897"},{"taxonomy":"product_tag","embeddable":true,"href":"https:\/\/aselmop.com\/tr\/wp-json\/wp\/v2\/product_tag?post=5897"}],"curies":[{"name":"wp","href":"https:\/\/api.w.org\/{rel}","templated":true}]}}