{"id":5898,"date":"2025-10-28T12:35:02","date_gmt":"2025-10-28T12:35:02","guid":{"rendered":"http:\/\/aselmop.com\/?post_type=product&#038;p=5898"},"modified":"2025-11-17T17:55:49","modified_gmt":"2025-11-17T17:55:49","slug":"floors-car","status":"publish","type":"product","link":"https:\/\/aselmop.com\/tr\/urun\/floors-car\/","title":{"rendered":"Kat Temizlik Arabas\u0131"},"content":{"rendered":"","protected":false},"excerpt":{"rendered":"<h3>Kat Temizlik Arabas\u0131<\/h3>\n<p>Yo\u011fun kullan\u0131m i\u00e7in tasarlanan bu temizlik arabas\u0131, oteller, ofisler, hastaneler ve ticari tesislerde pratik ve verimli temizlik imk\u00e2n\u0131 sunar. Geni\u015f \u00e7\u00f6p torbas\u0131 b\u00f6lmesi, d\u00fczenli ekipman raflar\u0131 ve dayan\u0131kl\u0131 tekerlekleri sayesinde g\u00fcnl\u00fck temizlik i\u015flerini kolayla\u015ft\u0131r\u0131r. T\u00fcm gerekli ekipmanlara h\u0131zl\u0131 eri\u015fim sa\u011flayarak genel operasyon verimlili\u011fini art\u0131r\u0131r.<\/p>","protected":false},"featured_media":6321,"template":"","meta":{"inline_featured_image":false,"_joinchat":[]},"product_brand":[],"product_cat":[43],"product_tag":[],"class_list":{"0":"post-5898","1":"product","2":"type-product","3":"status-publish","4":"has-post-thumbnail","6":"product_cat-cleaning-trolleys","8":"first","9":"instock","10":"shipping-taxable","11":"product-type-simple"},"_links":{"self":[{"href":"https:\/\/aselmop.com\/tr\/wp-json\/wp\/v2\/product\/5898","targetHints":{"allow":["GET"]}}],"collection":[{"href":"https:\/\/aselmop.com\/tr\/wp-json\/wp\/v2\/product"}],"about":[{"href":"https:\/\/aselmop.com\/tr\/wp-json\/wp\/v2\/types\/product"}],"wp:featuredmedia":[{"embeddable":true,"href":"https:\/\/aselmop.com\/tr\/wp-json\/wp\/v2\/media\/6321"}],"wp:attachment":[{"href":"https:\/\/aselmop.com\/tr\/wp-json\/wp\/v2\/media?parent=5898"}],"wp:term":[{"taxonomy":"product_brand","embeddable":true,"href":"https:\/\/aselmop.com\/tr\/wp-json\/wp\/v2\/product_brand?post=5898"},{"taxonomy":"product_cat","embeddable":true,"href":"https:\/\/aselmop.com\/tr\/wp-json\/wp\/v2\/product_cat?post=5898"},{"taxonomy":"product_tag","embeddable":true,"href":"https:\/\/aselmop.com\/tr\/wp-json\/wp\/v2\/product_tag?post=5898"}],"curies":[{"name":"wp","href":"https:\/\/api.w.org\/{rel}","templated":true}]}}