{"id":5901,"date":"2025-10-28T12:37:27","date_gmt":"2025-10-28T12:37:27","guid":{"rendered":"http:\/\/aselmop.com\/?post_type=product&#038;p=5901"},"modified":"2025-11-17T20:10:10","modified_gmt":"2025-11-17T20:10:10","slug":"screw-handle","status":"publish","type":"product","link":"https:\/\/aselmop.com\/tr\/urun\/screw-handle\/","title":{"rendered":"Ekonomik Al\u00fcminyum Sap"},"content":{"rendered":"<table style=\"border-collapse: collapse; width: 500pt;\" border=\"0\" width=\"192\" cellspacing=\"0\" cellpadding=\"0\">\n<tbody>\n<tr>\n<td width=\"132\">A\u011f\u0131rl\u0131klar<\/td>\n<td width=\"64\">SKU (Stok Kodu)<\/td>\n<\/tr>\n<tr>\n<td>270 g.<\/td>\n<td>700105<\/td>\n<\/tr>\n<\/tbody>\n<\/table>","protected":false},"excerpt":{"rendered":"<h3>Ekonomik Al\u00fcminyum Sap<\/h3>\n<p>Hafif yap\u0131s\u0131 ve dayan\u0131kl\u0131 al\u00fcminyum g\u00f6vdesiyle bu ekonomik al\u00fcminyum sap, g\u00fcnl\u00fck temizlik i\u015fleri i\u00e7in ideal bir \u00e7\u00f6z\u00fcmd\u00fcr. Kaymaz plastik tutma yeri rahat kullan\u0131m sa\u011flar ve uygun maliyetli tasar\u0131m\u0131na ra\u011fmen uzun \u00f6m\u00fcrl\u00fcd\u00fcr. \u00c7o\u011fu standart mop aparat\u0131yla uyumludur ve evlerde, ofislerde ve profesyonel temizlik ortamlar\u0131nda pratik kullan\u0131m sunar.<\/p>","protected":false},"featured_media":6357,"template":"","meta":{"inline_featured_image":false,"_joinchat":[]},"product_brand":[],"product_cat":[44],"product_tag":[],"class_list":{"0":"post-5901","1":"product","2":"type-product","3":"status-publish","4":"has-post-thumbnail","6":"product_cat-telescopes-and-mop-handles","8":"first","9":"instock","10":"shipping-taxable","11":"product-type-simple"},"_links":{"self":[{"href":"https:\/\/aselmop.com\/tr\/wp-json\/wp\/v2\/product\/5901","targetHints":{"allow":["GET"]}}],"collection":[{"href":"https:\/\/aselmop.com\/tr\/wp-json\/wp\/v2\/product"}],"about":[{"href":"https:\/\/aselmop.com\/tr\/wp-json\/wp\/v2\/types\/product"}],"wp:featuredmedia":[{"embeddable":true,"href":"https:\/\/aselmop.com\/tr\/wp-json\/wp\/v2\/media\/6357"}],"wp:attachment":[{"href":"https:\/\/aselmop.com\/tr\/wp-json\/wp\/v2\/media?parent=5901"}],"wp:term":[{"taxonomy":"product_brand","embeddable":true,"href":"https:\/\/aselmop.com\/tr\/wp-json\/wp\/v2\/product_brand?post=5901"},{"taxonomy":"product_cat","embeddable":true,"href":"https:\/\/aselmop.com\/tr\/wp-json\/wp\/v2\/product_cat?post=5901"},{"taxonomy":"product_tag","embeddable":true,"href":"https:\/\/aselmop.com\/tr\/wp-json\/wp\/v2\/product_tag?post=5901"}],"curies":[{"name":"wp","href":"https:\/\/api.w.org\/{rel}","templated":true}]}}