{"id":5902,"date":"2025-10-28T12:38:17","date_gmt":"2025-10-28T12:38:17","guid":{"rendered":"http:\/\/aselmop.com\/?post_type=product&#038;p=5902"},"modified":"2025-11-17T20:09:48","modified_gmt":"2025-11-17T20:09:48","slug":"telescoping-extension-handle","status":"publish","type":"product","link":"https:\/\/aselmop.com\/tr\/urun\/telescoping-extension-handle\/","title":{"rendered":"Teleskopik Uzatma Saplar\u0131"},"content":{"rendered":"<table style=\"border-collapse: collapse; width: 500pt;\" border=\"0\" width=\"192\" cellspacing=\"0\" cellpadding=\"0\">\n<tbody>\n<tr>\n<td width=\"132\"><strong>Boyutlar<\/strong><\/td>\n<td width=\"64\"><strong>SKU (Stok Kodu)<\/strong><\/td>\n<\/tr>\n<tr>\n<td>3 m<\/td>\n<td>700106<\/td>\n<\/tr>\n<tr>\n<td>4,5m<\/td>\n<td>700107<\/td>\n<\/tr>\n<tr>\n<td>6 m<\/td>\n<td>700108<\/td>\n<\/tr>\n<tr>\n<td>9 m<\/td>\n<td>700109<\/td>\n<\/tr>\n<tr>\n<td>11m<\/td>\n<td>700110<\/td>\n<\/tr>\n<\/tbody>\n<\/table>","protected":false},"excerpt":{"rendered":"<h3>Teleskopik Uzatma Saplar\u0131<\/h3>\n<p>Dayan\u0131kl\u0131 al\u00fcminyum g\u00f6vdesi ve ayarlanabilir uzunluk sistemi ile bu teleskopik mop sap\u0131, farkl\u0131 temizlik g\u00f6revlerine kolayl\u0131kla uyum sa\u011flar. Kaymaz ergonomik tutma yeri, uzun s\u00fcreli kullan\u0131mda konfor ve kontrol sunar. Hafif tasar\u0131m\u0131 sayesinde kolay manevra imk\u00e2n\u0131 sa\u011flar ve t\u00fcm standart profesyonel mop aparatlar\u0131yla uyumludur. Zemin, cam ve y\u00fcksek y\u00fczey temizli\u011fi i\u00e7in idealdir.<\/p>","protected":false},"featured_media":6354,"template":"","meta":{"inline_featured_image":false,"_joinchat":[]},"product_brand":[],"product_cat":[44],"product_tag":[],"class_list":{"0":"post-5902","1":"product","2":"type-product","3":"status-publish","4":"has-post-thumbnail","6":"product_cat-telescopes-and-mop-handles","8":"first","9":"instock","10":"shipping-taxable","11":"product-type-simple"},"_links":{"self":[{"href":"https:\/\/aselmop.com\/tr\/wp-json\/wp\/v2\/product\/5902","targetHints":{"allow":["GET"]}}],"collection":[{"href":"https:\/\/aselmop.com\/tr\/wp-json\/wp\/v2\/product"}],"about":[{"href":"https:\/\/aselmop.com\/tr\/wp-json\/wp\/v2\/types\/product"}],"wp:featuredmedia":[{"embeddable":true,"href":"https:\/\/aselmop.com\/tr\/wp-json\/wp\/v2\/media\/6354"}],"wp:attachment":[{"href":"https:\/\/aselmop.com\/tr\/wp-json\/wp\/v2\/media?parent=5902"}],"wp:term":[{"taxonomy":"product_brand","embeddable":true,"href":"https:\/\/aselmop.com\/tr\/wp-json\/wp\/v2\/product_brand?post=5902"},{"taxonomy":"product_cat","embeddable":true,"href":"https:\/\/aselmop.com\/tr\/wp-json\/wp\/v2\/product_cat?post=5902"},{"taxonomy":"product_tag","embeddable":true,"href":"https:\/\/aselmop.com\/tr\/wp-json\/wp\/v2\/product_tag?post=5902"}],"curies":[{"name":"wp","href":"https:\/\/api.w.org\/{rel}","templated":true}]}}